{"id":69,"date":"2025-11-30T14:12:27","date_gmt":"2025-11-30T11:12:27","guid":{"rendered":"http:\/\/aurmix.md\/?post_type=product&#038;p=69"},"modified":"2026-04-01T04:52:58","modified_gmt":"2026-04-01T01:52:58","slug":"aurmix-polisand-%d0%bf%d0%be%d0%bb%d0%b8%d0%bc%d0%b5%d1%80%d0%bd%d1%8b%d0%b9-%d0%bf%d0%b5%d1%81%d0%be%d0%ba-%d0%b4%d0%bb%d1%8f-%d1%88%d0%b2%d0%be%d0%b2-%d1%82%d1%80%d0%be%d1%82%d1%83%d0%b0","status":"publish","type":"product","link":"https:\/\/aurmix.md\/ro\/produs\/aurmix-polisand-%d0%bf%d0%be%d0%bb%d0%b8%d0%bc%d0%b5%d1%80%d0%bd%d1%8b%d0%b9-%d0%bf%d0%b5%d1%81%d0%be%d0%ba-%d0%b4%d0%bb%d1%8f-%d1%88%d0%b2%d0%be%d0%b2-%d1%82%d1%80%d0%be%d1%82%d1%83%d0%b0\/","title":{"rendered":"Aurmix Polisand \u2014 nisip polimeric pentru rosturile pavajului, 25 kg"},"content":{"rendered":"<p data-start=\"636\" data-end=\"921\"><strong data-start=\"636\" data-end=\"655\">Aurmix Polisand<\/strong> \u2014 este un nisip cuar\u021bos polimeric modificat, destinat umplerii rosturilor pl\u0103cilor de pavaj, pavajului din piatr\u0103 cubic\u0103 \u0219i zid\u0103riei decorative din piatr\u0103.<br data-start=\"803\" data-end=\"806\" \/>Are o rezisten\u021b\u0103 sporit\u0103 la buruieni, umiditate \u0219i sp\u0103lare, asigur\u00e2nd durabilitatea \u0219i aspectul estetic al pavajului.<\/p>\n<h3 data-start=\"923\" data-end=\"960\"><strong data-start=\"927\" data-end=\"960\">Avantajele Aurmix Polisand:<\/strong><\/h3>\n<ul data-start=\"961\" data-end=\"1243\">\n<li data-start=\"961\" data-end=\"1015\">\n<p data-start=\"963\" data-end=\"1015\" class=\"translation-block\">Impermeabilitate total\u0103 dup\u0103 polimerizare<\/p>\n<\/li>\n<li data-start=\"1016\" data-end=\"1057\">\n<p data-start=\"1018\" data-end=\"1057\" class=\"translation-block\">Aderen\u021b\u0103 sporit\u0103 \u0219i fixare sigur\u0103 a rosturilor<\/p>\n<\/li>\n<li data-start=\"1058\" data-end=\"1089\">\n<p data-start=\"1060\" data-end=\"1089\"><strong data-start=\"1060\" data-end=\"1087\">Rezisten\u021b\u0103 la buruieni<\/strong><\/p>\n<\/li>\n<li data-start=\"1090\" data-end=\"1130\">\n<p data-start=\"1092\" data-end=\"1130\" class=\"translation-block\">Auto-compactare \u00een timpul distribu\u021biei<\/p>\n<\/li>\n<li data-start=\"1131\" data-end=\"1159\">\n<p data-start=\"1133\" data-end=\"1159\" class=\"translation-block\">Nu este sp\u0103lat de ploaie<\/p>\n<\/li>\n<li data-start=\"1160\" data-end=\"1197\">\n<p data-start=\"1162\" data-end=\"1197\"><strong data-start=\"1162\" data-end=\"1195\">Timp de polimerizare: 48 de ore<\/strong><\/p>\n<\/li>\n<li data-start=\"1198\" data-end=\"1243\">\n<p data-start=\"1200\" data-end=\"1243\" class=\"translation-block\">Potrivit pentru zone reziden\u021biale \u0219i comerciale<\/p>\n<\/li>\n<\/ul>\n<h3 data-start=\"1245\" data-end=\"1264\"><strong data-start=\"1249\" data-end=\"1264\">Aplicare:<\/strong><\/h3>\n<ul data-start=\"1265\" data-end=\"1369\">\n<li data-start=\"1265\" data-end=\"1286\">\n<p data-start=\"1267\" data-end=\"1286\">pl\u0103ci de pavaj<\/p>\n<\/li>\n<li data-start=\"1287\" data-end=\"1300\">\n<p data-start=\"1289\" data-end=\"1300\">pavaj din piatr\u0103 cubic\u0103<\/p>\n<\/li>\n<li data-start=\"1301\" data-end=\"1312\">\n<p data-start=\"1303\" data-end=\"1312\">alei<\/p>\n<\/li>\n<li data-start=\"1313\" data-end=\"1333\">\n<p data-start=\"1315\" data-end=\"1333\">zone de parcare<\/p>\n<\/li>\n<li data-start=\"1334\" data-end=\"1345\">\n<p data-start=\"1336\" data-end=\"1345\">terase<\/p>\n<\/li>\n<li data-start=\"1346\" data-end=\"1369\">\n<p data-start=\"1348\" data-end=\"1369\">piatr\u0103 decorativ\u0103<\/p>\n<\/li>\n<\/ul>\n<h3 data-start=\"1371\" data-end=\"1388\"><strong data-start=\"1375\" data-end=\"1388\">Ambalare:<\/strong><\/h3>\n<ul data-start=\"1389\" data-end=\"1498\">\n<li data-start=\"1389\" data-end=\"1404\">\n<p data-start=\"1391\" data-end=\"1404\">Sac de 25 kg<\/p>\n<\/li>\n<li data-start=\"1405\" data-end=\"1436\">\n<p data-start=\"1407\" data-end=\"1436\">Culoare: cuar\u021b natural<\/p>\n<\/li>\n<li data-start=\"1437\" data-end=\"1478\">\n<p data-start=\"1439\" data-end=\"1478\">Produc\u0103tor: Aurmix Company srl <strong data-start=\"1454\" data-end=\"1476\">Aurmix Company SRL<\/strong><\/p>\n<\/li>\n<li data-start=\"1479\" data-end=\"1498\">\n<p data-start=\"1481\" data-end=\"1498\">Fabricat in Moldova<\/p>\n<\/li>\n<\/ul>","protected":false},"excerpt":{"rendered":"<p>Aurmix Polisand \u2014 \u044d\u0442\u043e \u043c\u043e\u0434\u0438\u0444\u0438\u0446\u0438\u0440\u043e\u0432\u0430\u043d\u043d\u044b\u0439 \u043f\u043e\u043b\u0438\u043c\u0435\u0440\u043d\u044b\u0439 \u043a\u0432\u0430\u0440\u0446\u0435\u0432\u044b\u0439 \u043f\u0435\u0441\u043e\u043a, \u043f\u0440\u0435\u0434\u043d\u0430\u0437\u043d\u0430\u0447\u0435\u043d\u043d\u044b\u0439 \u0434\u043b\u044f \u0437\u0430\u043f\u043e\u043b\u043d\u0435\u043d\u0438\u044f \u0448\u0432\u043e\u0432 \u0442\u0440\u043e\u0442\u0443\u0430\u0440\u043d\u043e\u0439 \u043f\u043b\u0438\u0442\u043a\u0438, \u0431\u0440\u0443\u0441\u0447\u0430\u0442\u043a\u0438 \u0438 \u0434\u0435\u043a\u043e\u0440\u0430\u0442\u0438\u0432\u043d\u043e\u0439 \u043a\u0430\u043c\u0435\u043d\u043d\u043e\u0439 \u043a\u043b\u0430\u0434\u043a\u0438.\u041e\u0431\u043b\u0430\u0434\u0430\u0435\u0442 \u043f\u043e\u0432\u044b\u0448\u0435\u043d\u043d\u043e\u0439 [&hellip;]<\/p>\n","protected":false},"featured_media":309,"comment_status":"open","ping_status":"closed","template":"","meta":{"site-sidebar-layout":"default","site-content-layout":"","ast-site-content-layout":"default","site-content-style":"default","site-sidebar-style":"default","ast-global-header-display":"","ast-banner-title-visibility":"","ast-main-header-display":"","ast-hfb-above-header-display":"","ast-hfb-below-header-display":"","ast-hfb-mobile-header-display":"","site-post-title":"","ast-breadcrumbs-content":"","ast-featured-img":"","footer-sml-layout":"","ast-disable-related-posts":"","theme-transparent-header-meta":"default","adv-header-id-meta":"","stick-header-meta":"","header-above-stick-meta":"","header-main-stick-meta":"","header-below-stick-meta":"","astra-migrate-meta-layouts":"set","ast-page-background-enabled":"default","ast-page-background-meta":{"desktop":{"background-color":"var(--ast-global-color-5)","background-image":"","background-repeat":"repeat","background-position":"center center","background-size":"auto","background-attachment":"scroll","background-type":"","background-media":"","overlay-type":"","overlay-color":"","overlay-opacity":"","overlay-gradient":""},"tablet":{"background-color":"","background-image":"","background-repeat":"repeat","background-position":"center center","background-size":"auto","background-attachment":"scroll","background-type":"","background-media":"","overlay-type":"","overlay-color":"","overlay-opacity":"","overlay-gradient":""},"mobile":{"background-color":"","background-image":"","background-repeat":"repeat","background-position":"center center","background-size":"auto","background-attachment":"scroll","background-type":"","background-media":"","overlay-type":"","overlay-color":"","overlay-opacity":"","overlay-gradient":""}},"ast-content-background-meta":{"desktop":{"background-color":"var(--ast-global-color-4)","background-image":"","background-repeat":"repeat","background-position":"center center","background-size":"auto","background-attachment":"scroll","background-type":"","background-media":"","overlay-type":"","overlay-color":"","overlay-opacity":"","overlay-gradient":""},"tablet":{"background-color":"var(--ast-global-color-4)","background-image":"","background-repeat":"repeat","background-position":"center center","background-size":"auto","background-attachment":"scroll","background-type":"","background-media":"","overlay-type":"","overlay-color":"","overlay-opacity":"","overlay-gradient":""},"mobile":{"background-color":"var(--ast-global-color-4)","background-image":"","background-repeat":"repeat","background-position":"center center","background-size":"auto","background-attachment":"scroll","background-type":"","background-media":"","overlay-type":"","overlay-color":"","overlay-opacity":"","overlay-gradient":""}}},"product_brand":[],"product_cat":[17],"product_tag":[],"class_list":{"0":"post-69","1":"product","2":"type-product","3":"status-publish","4":"has-post-thumbnail","6":"product_cat-17","7":"desktop-align-left","8":"tablet-align-left","9":"mobile-align-center","11":"first","12":"instock","13":"sale","14":"taxable","15":"shipping-taxable","16":"purchasable","17":"product-type-simple"},"_links":{"self":[{"href":"https:\/\/aurmix.md\/ro\/wp-json\/wp\/v2\/product\/69","targetHints":{"allow":["GET"]}}],"collection":[{"href":"https:\/\/aurmix.md\/ro\/wp-json\/wp\/v2\/product"}],"about":[{"href":"https:\/\/aurmix.md\/ro\/wp-json\/wp\/v2\/types\/product"}],"replies":[{"embeddable":true,"href":"https:\/\/aurmix.md\/ro\/wp-json\/wp\/v2\/comments?post=69"}],"wp:featuredmedia":[{"embeddable":true,"href":"https:\/\/aurmix.md\/ro\/wp-json\/wp\/v2\/media\/309"}],"wp:attachment":[{"href":"https:\/\/aurmix.md\/ro\/wp-json\/wp\/v2\/media?parent=69"}],"wp:term":[{"taxonomy":"product_brand","embeddable":true,"href":"https:\/\/aurmix.md\/ro\/wp-json\/wp\/v2\/product_brand?post=69"},{"taxonomy":"product_cat","embeddable":true,"href":"https:\/\/aurmix.md\/ro\/wp-json\/wp\/v2\/product_cat?post=69"},{"taxonomy":"product_tag","embeddable":true,"href":"https:\/\/aurmix.md\/ro\/wp-json\/wp\/v2\/product_tag?post=69"}],"curies":[{"name":"wp","href":"https:\/\/api.w.org\/{rel}","templated":true}]}}