{"id":104,"date":"2025-12-03T20:00:59","date_gmt":"2025-12-03T17:00:59","guid":{"rendered":"http:\/\/aurmix.md\/?post_type=product&#038;p=104"},"modified":"2026-04-01T04:49:44","modified_gmt":"2026-04-01T01:49:44","slug":"aurmix-sand-color","status":"publish","type":"product","link":"https:\/\/aurmix.md\/ro\/produs\/aurmix-sand-color\/","title":{"rendered":"Aurmix Sand COLOR"},"content":{"rendered":"<h3 data-start=\"551\" data-end=\"585\">Nisip cuar\u021bos colorat AURMIX<\/h3>\n<p data-start=\"587\" data-end=\"818\">Nisipul cuar\u021bos colorat AURMIX este un nisip cuar\u021bos frac\u021bionat, acoperit cu pigmen\u021bi rezisten\u021bi \u0219i un strat protector. Este destinat acoperirilor decorative \u0219i func\u021bionale, unde aspectul estetic \u0219i durabilitatea sunt la fel de importante.<\/p>\n<p data-start=\"820\" data-end=\"991\">Materialul se combin\u0103 excelent cu lian\u021bi poliuretanici \u0219i epoxidici, form\u00e2nd acoperiri colorate rezistente pentru pardoseli, trepte, terase, alei \u0219i zone cu solicit\u0103ri ridicate.<\/p>\n<hr data-start=\"993\" data-end=\"996\" \/>\n<h3 data-start=\"998\" data-end=\"1014\">Avantaje<\/h3>\n<ul data-start=\"1016\" data-end=\"1582\">\n<li data-start=\"1016\" data-end=\"1113\">\n<p data-start=\"1018\" data-end=\"1113\"><strong data-start=\"1018\" data-end=\"1045\">Culoare intens\u0103 \u0219i stabil\u0103<\/strong> \u2014 pigmen\u021bii rezisten\u021bi \u0219i stratul protector se opun decolor\u0103rii.<\/p>\n<\/li>\n<li data-start=\"1114\" data-end=\"1211\">\n<p data-start=\"1116\" data-end=\"1211\"><strong data-start=\"1116\" data-end=\"1153\">Frac\u021bie granulometric\u0103 controlat\u0103<\/strong> \u2014 asigur\u0103 o textur\u0103 uniform\u0103 \u0219i o distribuire u\u0219oar\u0103.<\/p>\n<\/li>\n<li data-start=\"1212\" data-end=\"1290\">\n<p data-start=\"1214\" data-end=\"1290\"><strong data-start=\"1214\" data-end=\"1244\">Rezisten\u021b\u0103 sporit\u0103 la uzur\u0103<\/strong> \u2014 este potrivit pentru zone cu trafic intens.<\/p>\n<\/li>\n<li data-start=\"1291\" data-end=\"1382\">\n<p data-start=\"1293\" data-end=\"1382\"><strong data-start=\"1293\" data-end=\"1331\">Compatibilitate cu diferi\u021bi lian\u021bi<\/strong> \u2014 sisteme epoxidice, poliuretanice \u0219i acrilice.<\/p>\n<\/li>\n<li data-start=\"1383\" data-end=\"1488\">\n<p data-start=\"1385\" data-end=\"1488\"><strong data-start=\"1385\" data-end=\"1408\">Efect decorativ<\/strong> \u2014 permite crearea de modele unice, tranzi\u021bii \u0219i texturi combinate.<\/p>\n<\/li>\n<li data-start=\"1489\" data-end=\"1582\">\n<p data-start=\"1491\" data-end=\"1582\"><strong data-start=\"1491\" data-end=\"1517\">Palet\u0103 larg\u0103 de culori<\/strong> \u2014 se poate alege nuan\u021ba potrivit\u0103 pentru pavaj, fa\u021bad\u0103, interior sau brand.<\/p>\n<\/li>\n<\/ul>\n<hr data-start=\"1584\" data-end=\"1587\" \/>\n<h3 data-start=\"1589\" data-end=\"1611\">Domenii de aplicare<\/h3>\n<ul data-start=\"1613\" data-end=\"1947\">\n<li data-start=\"1613\" data-end=\"1658\">\n<p data-start=\"1615\" data-end=\"1658\">Pardoseli decorative autonivelante \u0219i \u00een strat sub\u021bire<\/p>\n<\/li>\n<li data-start=\"1659\" data-end=\"1708\">\n<p data-start=\"1661\" data-end=\"1708\">Acoperiri de tip \u201ecovor de piatr\u0103\u201d (stone carpet)<\/p>\n<\/li>\n<li data-start=\"1709\" data-end=\"1769\">\n<p data-start=\"1711\" data-end=\"1769\">Pres\u0103rarea treptelor, rampelor \u0219i pragurilor (zone antiderapante)<\/p>\n<\/li>\n<li data-start=\"1770\" data-end=\"1816\">\n<p data-start=\"1772\" data-end=\"1816\">Tencuieli decorative \u0219i sisteme de fa\u021bad\u0103<\/p>\n<\/li>\n<li data-start=\"1817\" data-end=\"1881\">\n<p data-start=\"1819\" data-end=\"1881\">Amenajarea aleilor, rondurilor de flori, zonelor de relaxare \u0219i a designului peisagistic<\/p>\n<\/li>\n<li data-start=\"1882\" data-end=\"1947\">\n<p data-start=\"1884\" data-end=\"1947\">Decorarea pervazurilor, blaturilor, ni\u0219elor \u0219i a elementelor de mic\u0103 arhitectur\u0103<\/p>\n<\/li>\n<\/ul>\n<hr data-start=\"1949\" data-end=\"1952\" \/>\n<h3 data-start=\"1954\" data-end=\"1982\">Caracteristici principale<\/h3>\n<ul data-start=\"1984\" data-end=\"2307\">\n<li data-start=\"1984\" data-end=\"2021\">\n<p data-start=\"1986\" data-end=\"2021\">Baz\u0103: nisip cuar\u021bos natural<\/p>\n<\/li>\n<li data-start=\"2022\" data-end=\"2089\">\n<p data-start=\"2024\" data-end=\"2089\">Prelucrare: vopsire cu pigmen\u021bi rezisten\u021bi \u0219i strat protector<\/p>\n<\/li>\n<li data-start=\"2090\" data-end=\"2183\">\n<p data-start=\"2092\" data-end=\"2183\">Frac\u021bie: se alege \u00een func\u021bie de sistem<\/p>\n<\/li>\n<li data-start=\"2184\" data-end=\"2254\">\n<p data-start=\"2186\" data-end=\"2254\">Culoare: gama de nuan\u021be standard AURMIX<\/p>\n<\/li>\n<li data-start=\"2184\" data-end=\"2254\">\n<p data-start=\"2186\" data-end=\"2254\">Domeniu de aplicare: lucr\u0103ri interioare \u0219i exterioare<\/p>\n<\/li>\n<\/ul>\n<h3 data-start=\"2420\" data-end=\"2450\"><\/h3>\n<h3 data-start=\"2915\" data-end=\"2927\">depozitare<\/h3>\n<p data-start=\"2929\" data-end=\"3090\">A se depozita \u00een ambalaje bine \u00eenchise, \u00eentr-un spa\u021biu uscat, protejat de razele directe ale soarelui \u0219i de umezeal\u0103. Nu permite\u021bi p\u0103trunderea apei \u00een ambalaj p\u00e2n\u0103 la momentul utiliz\u0103rii.<\/p>","protected":false},"excerpt":{"rendered":"<p data-start=\"213\" data-end=\"505\">\u00a0Aurmix Sand COLOR avantajele nuan\u021belor Aurmix. Aceast\u0103 palet\u0103 de culori este destinat\u0103 cre\u0103rii unor interioare armonioase \u0219i atmosferice, asigur\u00e2nd calitate \u00eenalt\u0103 \u0219i durabilitate. Fiecare nuan\u021b\u0103 este atent dezvoltat\u0103 pentru a satisface nevoile designerilor moderni \u0219i ale clien\u021bilor. Aurmix Sand COLOR este alegerea ideal\u0103 pentru cei care apreciaz\u0103 estetica \u0219i func\u021bionalitatea \u00een proiectele lor. Nisipul cuar\u021bos colorat AURMIX \u2014 nisip decorativ frac\u021bionat pentru crearea unor acoperiri rezistente la uzur\u0103 \u0219i estetice. Se utilizeaz\u0103 \u00een pardoseli decorative autonivelante, \u201ecovor de piatr\u0103\u201d, chituri, tencuieli \u0219i decor peisagistic. Este rezistent la decolorare, solicit\u0103ri mecanice \u0219i ac\u021biunea umidit\u0103\u021bii.<\/p>","protected":false},"featured_media":312,"comment_status":"open","ping_status":"closed","template":"","meta":{"site-sidebar-layout":"default","site-content-layout":"","ast-site-content-layout":"default","site-content-style":"default","site-sidebar-style":"default","ast-global-header-display":"","ast-banner-title-visibility":"","ast-main-header-display":"","ast-hfb-above-header-display":"","ast-hfb-below-header-display":"","ast-hfb-mobile-header-display":"","site-post-title":"","ast-breadcrumbs-content":"","ast-featured-img":"","footer-sml-layout":"","ast-disable-related-posts":"","theme-transparent-header-meta":"default","adv-header-id-meta":"","stick-header-meta":"","header-above-stick-meta":"","header-main-stick-meta":"","header-below-stick-meta":"","astra-migrate-meta-layouts":"set","ast-page-background-enabled":"default","ast-page-background-meta":{"desktop":{"background-color":"var(--ast-global-color-5)","background-image":"","background-repeat":"repeat","background-position":"center center","background-size":"auto","background-attachment":"scroll","background-type":"","background-media":"","overlay-type":"","overlay-color":"","overlay-opacity":"","overlay-gradient":""},"tablet":{"background-color":"","background-image":"","background-repeat":"repeat","background-position":"center center","background-size":"auto","background-attachment":"scroll","background-type":"","background-media":"","overlay-type":"","overlay-color":"","overlay-opacity":"","overlay-gradient":""},"mobile":{"background-color":"","background-image":"","background-repeat":"repeat","background-position":"center center","background-size":"auto","background-attachment":"scroll","background-type":"","background-media":"","overlay-type":"","overlay-color":"","overlay-opacity":"","overlay-gradient":""}},"ast-content-background-meta":{"desktop":{"background-color":"var(--ast-global-color-4)","background-image":"","background-repeat":"repeat","background-position":"center center","background-size":"auto","background-attachment":"scroll","background-type":"","background-media":"","overlay-type":"","overlay-color":"","overlay-opacity":"","overlay-gradient":""},"tablet":{"background-color":"var(--ast-global-color-4)","background-image":"","background-repeat":"repeat","background-position":"center center","background-size":"auto","background-attachment":"scroll","background-type":"","background-media":"","overlay-type":"","overlay-color":"","overlay-opacity":"","overlay-gradient":""},"mobile":{"background-color":"var(--ast-global-color-4)","background-image":"","background-repeat":"repeat","background-position":"center center","background-size":"auto","background-attachment":"scroll","background-type":"","background-media":"","overlay-type":"","overlay-color":"","overlay-opacity":"","overlay-gradient":""}}},"product_brand":[],"product_cat":[18],"product_tag":[],"class_list":{"0":"post-104","1":"product","2":"type-product","3":"status-publish","4":"has-post-thumbnail","6":"product_cat-18","7":"desktop-align-left","8":"tablet-align-left","9":"mobile-align-center","11":"first","12":"instock","13":"sale","14":"taxable","15":"shipping-taxable","16":"purchasable","17":"product-type-simple"},"_links":{"self":[{"href":"https:\/\/aurmix.md\/ro\/wp-json\/wp\/v2\/product\/104","targetHints":{"allow":["GET"]}}],"collection":[{"href":"https:\/\/aurmix.md\/ro\/wp-json\/wp\/v2\/product"}],"about":[{"href":"https:\/\/aurmix.md\/ro\/wp-json\/wp\/v2\/types\/product"}],"replies":[{"embeddable":true,"href":"https:\/\/aurmix.md\/ro\/wp-json\/wp\/v2\/comments?post=104"}],"wp:featuredmedia":[{"embeddable":true,"href":"https:\/\/aurmix.md\/ro\/wp-json\/wp\/v2\/media\/312"}],"wp:attachment":[{"href":"https:\/\/aurmix.md\/ro\/wp-json\/wp\/v2\/media?parent=104"}],"wp:term":[{"taxonomy":"product_brand","embeddable":true,"href":"https:\/\/aurmix.md\/ro\/wp-json\/wp\/v2\/product_brand?post=104"},{"taxonomy":"product_cat","embeddable":true,"href":"https:\/\/aurmix.md\/ro\/wp-json\/wp\/v2\/product_cat?post=104"},{"taxonomy":"product_tag","embeddable":true,"href":"https:\/\/aurmix.md\/ro\/wp-json\/wp\/v2\/product_tag?post=104"}],"curies":[{"name":"wp","href":"https:\/\/api.w.org\/{rel}","templated":true}]}}