{"id":375,"date":"2026-02-09T18:47:19","date_gmt":"2026-02-09T15:47:19","guid":{"rendered":"https:\/\/aurmix.md\/?page_id=375"},"modified":"2026-02-09T20:55:23","modified_gmt":"2026-02-09T17:55:23","slug":"%d0%bf%d0%be%d0%bb%d0%b8%d0%bc%d0%b5%d1%80%d0%bd%d1%8b%d0%b9-%d0%bf%d0%b5%d1%81%d0%be%d0%ba-%d0%b4%d0%bb%d1%8f-%d1%88%d0%b2%d0%be%d0%b2-%d1%82%d1%80%d0%be%d1%82%d1%83%d0%b0%d1%80%d0%bd%d0%be%d0%b9","status":"publish","type":"page","link":"https:\/\/aurmix.md\/ro\/%d0%bf%d0%be%d0%bb%d0%b8%d0%bc%d0%b5%d1%80%d0%bd%d1%8b%d0%b9-%d0%bf%d0%b5%d1%81%d0%be%d0%ba-%d0%b4%d0%bb%d1%8f-%d1%88%d0%b2%d0%be%d0%b2-%d1%82%d1%80%d0%be%d1%82%d1%83%d0%b0%d1%80%d0%bd%d0%be%d0%b9\/","title":{"rendered":"Nisip polimeric pentru rosturile pl\u0103cilor de pavaj \u2014 Aurmix Polisand"},"content":{"rendered":"<div data-elementor-type=\"wp-page\" data-elementor-id=\"375\" class=\"elementor elementor-375\">\n\t\t\t\t<div class=\"elementor-element elementor-element-af9de59 e-flex e-con-boxed e-con e-parent\" data-id=\"af9de59\" data-element_type=\"container\" data-e-type=\"container\">\n\t\t\t\t\t<div class=\"e-con-inner\">\n\t\t\t\t<div class=\"elementor-element elementor-element-1788ab5 elementor-widget elementor-widget-heading\" data-id=\"1788ab5\" data-element_type=\"widget\" data-e-type=\"widget\" data-widget_type=\"heading.default\">\n\t\t\t\t\t<h2 class=\"elementor-heading-title elementor-size-default\">Ce este Aurmix Polisand<\/h2>\t\t\t\t<\/div>\n\t\t\t\t<div class=\"elementor-element elementor-element-a3cea27 elementor-widget elementor-widget-text-editor\" data-id=\"a3cea27\" data-element_type=\"widget\" data-e-type=\"widget\" data-widget_type=\"text-editor.default\">\n\t\t\t\t\t\t\t\t\t<p>Aurmix Polisand este un nisip cuar\u021bos modificat cu adaosuri polimerice, destinat umplerii rosturilor pl\u0103cilor de pavaj \u0219i pavajului din piatr\u0103 cubic\u0103. Dup\u0103 umezire, materialul se polimerizeaz\u0103 \u0219i formeaz\u0103 un rost rezistent \u0219i durabil.<\/p>\t\t\t\t\t\t\t\t<\/div>\n\t\t\t\t<div class=\"elementor-element elementor-element-a34fd91 elementor-widget elementor-widget-heading\" data-id=\"a34fd91\" data-element_type=\"widget\" data-e-type=\"widget\" data-widget_type=\"heading.default\">\n\t\t\t\t\t<h2 class=\"elementor-heading-title elementor-size-default\">Avantajele principale ale Polisand<\/h2>\t\t\t\t<\/div>\n\t\t\t\t<div class=\"elementor-element elementor-element-1d5decf elementor-widget elementor-widget-text-editor\" data-id=\"1d5decf\" data-element_type=\"widget\" data-e-type=\"widget\" data-widget_type=\"text-editor.default\">\n\t\t\t\t\t\t\t\t\t<p data-start=\"1406\" data-end=\"1428\">Polisand asigur\u0103:<\/p><ul data-start=\"1430\" data-end=\"1607\"><li data-start=\"1430\" data-end=\"1469\"><p data-start=\"1432\" data-end=\"1469\">protec\u021bia rosturilor \u00eempotriva cre\u0219terii buruienilor<\/p><\/li><li data-start=\"1470\" data-end=\"1520\"><p data-start=\"1472\" data-end=\"1520\">impermeabilitate \u0219i rezisten\u021b\u0103 la sp\u0103lare\n\n\naderen\u021b\u0103 sporit\u0103 \u0219i efect de auto-compactare<\/p><\/li><li data-start=\"1521\" data-end=\"1554\"><p data-start=\"1523\" data-end=\"1554\">aderen\u021b\u0103 \u0219i rezisten\u021b\u0103 sporite<\/p><\/li><li data-start=\"1555\" data-end=\"1580\"><p data-start=\"1557\" data-end=\"1580\">efect de auto-compactare<\/p><\/li><li data-start=\"1581\" data-end=\"1607\"><p data-start=\"1583\" data-end=\"1607\">durabilitatea pavajului<\/p><\/li><\/ul>\t\t\t\t\t\t\t\t<\/div>\n\t\t\t\t<div class=\"elementor-element elementor-element-c0058b2 elementor-widget elementor-widget-heading\" data-id=\"c0058b2\" data-element_type=\"widget\" data-e-type=\"widget\" data-widget_type=\"heading.default\">\n\t\t\t\t\t<h2 class=\"elementor-heading-title elementor-size-default\">Unde se utilizeaz\u0103 Polisand<\/h2>\t\t\t\t<\/div>\n\t\t\t\t<div class=\"elementor-element elementor-element-c6d0436 elementor-widget elementor-widget-text-editor\" data-id=\"c6d0436\" data-element_type=\"widget\" data-e-type=\"widget\" data-widget_type=\"text-editor.default\">\n\t\t\t\t\t\t\t\t\t<p data-start=\"1648\" data-end=\"1689\">Nisipul polimeric Aurmix este utilizat pentru:<\/p><ul data-start=\"1691\" data-end=\"1818\"><li data-start=\"1691\" data-end=\"1717\"><p data-start=\"1693\" data-end=\"1717\">rosturile pavajului din dale<\/p><\/li><li data-start=\"1718\" data-end=\"1746\"><p data-start=\"1720\" data-end=\"1746\">pavarea cur\u021bilor \u0219i aleilor<\/p><\/li><li data-start=\"1747\" data-end=\"1775\"><p data-start=\"1749\" data-end=\"1775\">spa\u021biilor publice<\/p><\/li><li data-start=\"1776\" data-end=\"1818\"><p data-start=\"1778\" data-end=\"1818\">parcurilor, pie\u021belor \u0219i zonelor amenajate<\/p><\/li><\/ul>\t\t\t\t\t\t\t\t<\/div>\n\t\t\t\t<div class=\"elementor-element elementor-element-b0c6777 elementor-widget elementor-widget-heading\" data-id=\"b0c6777\" data-element_type=\"widget\" data-e-type=\"widget\" data-widget_type=\"heading.default\">\n\t\t\t\t\t<h2 class=\"elementor-heading-title elementor-size-default\">Caracteristici tehnice<\/h2>\t\t\t\t<\/div>\n\t\t\t\t<div class=\"elementor-element elementor-element-637ca46 elementor-widget elementor-widget-text-editor\" data-id=\"637ca46\" data-element_type=\"widget\" data-e-type=\"widget\" data-widget_type=\"text-editor.default\">\n\t\t\t\t\t\t\t\t\t<ul><li data-start=\"1861\" data-end=\"1890\"><p data-start=\"1863\" data-end=\"1890\">Ambalare: saci 25kg. <strong data-start=\"1879\" data-end=\"1888\">25 kg<\/strong><\/p><\/li><li data-start=\"1891\" data-end=\"1928\"><p data-start=\"1893\" data-end=\"1928\">Polimerizare: aproximativ <strong data-start=\"1914\" data-end=\"1926\">72 ore<\/strong><\/p><\/li><li data-start=\"1929\" data-end=\"1961\"><p data-start=\"1931\" data-end=\"1961\">Frac\u021bii disponibile: la comand\u0103<\/p><\/li><li data-start=\"1962\" data-end=\"2004\"><p data-start=\"1964\" data-end=\"2004\">Livrare: en-gros \u0219i pentru obiective private<\/p><\/li><\/ul>\t\t\t\t\t\t\t\t<\/div>\n\t\t\t\t<div class=\"elementor-element elementor-element-e6e5020 elementor-widget elementor-widget-heading\" data-id=\"e6e5020\" data-element_type=\"widget\" data-e-type=\"widget\" data-widget_type=\"heading.default\">\n\t\t\t\t\t<h2 class=\"elementor-heading-title elementor-size-default\">Cum s\u0103 comanda\u021bi Aurmix Polisand<\/h2>\t\t\t\t<\/div>\n\t\t\t\t<div class=\"elementor-element elementor-element-35d3e55 elementor-widget elementor-widget-text-editor\" data-id=\"35d3e55\" data-element_type=\"widget\" data-e-type=\"widget\" data-widget_type=\"text-editor.default\">\n\t\t\t\t\t\t\t\t\t<p>Contacta\u021bi Aurmix pentru a primi consultan\u021b\u0103 \u0219i a selecta frac\u021bia \u0219i culoarea potrivite pentru obiectivul dumneavoastr\u0103.<\/p>\t\t\t\t\t\t\t\t<\/div>\n\t\t\t\t<div class=\"elementor-element elementor-element-de791ca elementor-align-center elementor-widget elementor-widget-button\" data-id=\"de791ca\" data-element_type=\"widget\" data-e-type=\"widget\" data-widget_type=\"button.default\">\n\t\t\t\t\t\t\t\t\t\t<a class=\"elementor-button elementor-button-link elementor-size-sm\" href=\"http:\/\/aurmix.md\/ro\/\u043a\u043e\u043d\u0442\u0430\u043a\u0442\u044b\/\">\n\t\t\t\t\t\t<span class=\"elementor-button-content-wrapper\">\n\t\t\t\t\t\t\t\t\t<span class=\"elementor-button-text\">Trimite\u021bi o solicitare<\/span>\n\t\t\t\t\t<\/span>\n\t\t\t\t\t<\/a>\n\t\t\t\t\t\t\t\t<\/div>\n\t\t\t\t\t<\/div>\n\t\t\t\t<\/div>\n\t\t\t\t<\/div>","protected":false},"excerpt":{"rendered":"<p>\u0427\u0442\u043e \u0442\u0430\u043a\u043e\u0435 Aurmix Polisand Aurmix Polisand \u2014 \u044d\u0442\u043e \u043c\u043e\u0434\u0438\u0444\u0438\u0446\u0438\u0440\u043e\u0432\u0430\u043d\u043d\u044b\u0439 \u043a\u0432\u0430\u0440\u0446\u0435\u0432\u044b\u0439 \u043f\u0435\u0441\u043e\u043a \u0441 \u043f\u043e\u043b\u0438\u043c\u0435\u0440\u043d\u044b\u043c\u0438 \u0434\u043e\u0431\u0430\u0432\u043a\u0430\u043c\u0438, \u043f\u0440\u0435\u0434\u043d\u0430\u0437\u043d\u0430\u0447\u0435\u043d\u043d\u044b\u0439 \u0434\u043b\u044f \u0437\u0430\u043f\u043e\u043b\u043d\u0435\u043d\u0438\u044f \u0448\u0432\u043e\u0432 \u0442\u0440\u043e\u0442\u0443\u0430\u0440\u043d\u043e\u0439 \u043f\u043b\u0438\u0442\u043a\u0438 [&hellip;]<\/p>\n","protected":false},"author":1,"featured_media":0,"parent":0,"menu_order":0,"comment_status":"closed","ping_status":"closed","template":"","meta":{"site-sidebar-layout":"no-sidebar","site-content-layout":"","ast-site-content-layout":"full-width-container","site-content-style":"default","site-sidebar-style":"default","ast-global-header-display":"","ast-banner-title-visibility":"","ast-main-header-display":"","ast-hfb-above-header-display":"","ast-hfb-below-header-display":"","ast-hfb-mobile-header-display":"","site-post-title":"","ast-breadcrumbs-content":"","ast-featured-img":"disabled","footer-sml-layout":"","ast-disable-related-posts":"","theme-transparent-header-meta":"","adv-header-id-meta":"","stick-header-meta":"","header-above-stick-meta":"","header-main-stick-meta":"","header-below-stick-meta":"","astra-migrate-meta-layouts":"default","ast-page-background-enabled":"default","ast-page-background-meta":{"desktop":{"background-color":"var(--ast-global-color-5)","background-image":"","background-repeat":"repeat","background-position":"center center","background-size":"auto","background-attachment":"scroll","background-type":"","background-media":"","overlay-type":"","overlay-color":"","overlay-opacity":"","overlay-gradient":""},"tablet":{"background-color":"","background-image":"","background-repeat":"repeat","background-position":"center center","background-size":"auto","background-attachment":"scroll","background-type":"","background-media":"","overlay-type":"","overlay-color":"","overlay-opacity":"","overlay-gradient":""},"mobile":{"background-color":"","background-image":"","background-repeat":"repeat","background-position":"center center","background-size":"auto","background-attachment":"scroll","background-type":"","background-media":"","overlay-type":"","overlay-color":"","overlay-opacity":"","overlay-gradient":""}},"ast-content-background-meta":{"desktop":{"background-color":"var(--ast-global-color-4)","background-image":"","background-repeat":"repeat","background-position":"center center","background-size":"auto","background-attachment":"scroll","background-type":"","background-media":"","overlay-type":"","overlay-color":"","overlay-opacity":"","overlay-gradient":""},"tablet":{"background-color":"var(--ast-global-color-4)","background-image":"","background-repeat":"repeat","background-position":"center center","background-size":"auto","background-attachment":"scroll","background-type":"","background-media":"","overlay-type":"","overlay-color":"","overlay-opacity":"","overlay-gradient":""},"mobile":{"background-color":"var(--ast-global-color-4)","background-image":"","background-repeat":"repeat","background-position":"center center","background-size":"auto","background-attachment":"scroll","background-type":"","background-media":"","overlay-type":"","overlay-color":"","overlay-opacity":"","overlay-gradient":""}},"footnotes":""},"class_list":["post-375","page","type-page","status-publish","hentry"],"_links":{"self":[{"href":"https:\/\/aurmix.md\/ro\/wp-json\/wp\/v2\/pages\/375","targetHints":{"allow":["GET"]}}],"collection":[{"href":"https:\/\/aurmix.md\/ro\/wp-json\/wp\/v2\/pages"}],"about":[{"href":"https:\/\/aurmix.md\/ro\/wp-json\/wp\/v2\/types\/page"}],"author":[{"embeddable":true,"href":"https:\/\/aurmix.md\/ro\/wp-json\/wp\/v2\/users\/1"}],"replies":[{"embeddable":true,"href":"https:\/\/aurmix.md\/ro\/wp-json\/wp\/v2\/comments?post=375"}],"version-history":[{"count":4,"href":"https:\/\/aurmix.md\/ro\/wp-json\/wp\/v2\/pages\/375\/revisions"}],"predecessor-version":[{"id":386,"href":"https:\/\/aurmix.md\/ro\/wp-json\/wp\/v2\/pages\/375\/revisions\/386"}],"wp:attachment":[{"href":"https:\/\/aurmix.md\/ro\/wp-json\/wp\/v2\/media?parent=375"}],"curies":[{"name":"wp","href":"https:\/\/api.w.org\/{rel}","templated":true}]}}